{"id":2,"date":"2017-07-24T11:57:48","date_gmt":"2017-07-24T11:57:48","guid":{"rendered":"http:\/\/veljeksetronkainen.fi\/?page_id=2"},"modified":"2017-07-25T11:25:38","modified_gmt":"2017-07-25T11:25:38","slug":"sample-page","status":"publish","type":"page","link":"https:\/\/www.veljeksetronkainen.fi\/","title":{"rendered":"Veljekset Ronkainen Oy"},"content":{"rendered":"<div style=\"width: 50%; padding: 0 10px 0 0; float: left;\"><strong>KULJETUSPALVELUT<\/strong><br \/>\n&#8211; Maa-aines kuljetukset<br \/>\n&#8211; Lavettisiirrot<br \/>\n&#8211; Saattopalvelut<br \/>\n&nbsp;<br \/>\n&nbsp;<br \/>\n&nbsp;\n<\/div>\n<div style=\"width: 50%; padding: 0 10px 0 0; float: right;\"><strong>KAIVINKONETY\u00d6T<\/strong><br \/>\n&#8211; Tierungot<br \/>\n&#8211; Rakennusten pohjien kaivut<br \/>\n&#8211; Kokonaisurakoinnit<br \/>\n&#8211; Sade- ja j\u00e4tevesij\u00e4rjestelmien rakentaminen<\/div>\n<p>&nbsp;<\/p>\n<div style=\"width: 50%; padding: 0 10px 0 0; float: left;\"><strong>TIEN HOITOTY\u00d6T<\/strong><br \/>\n&#8211; Auraukset<br \/>\n&#8211; Polanteen poistot<br \/>\n&#8211; Hiekoitukset<br \/>\n&#8211; Lanaukset<\/div>\n<p>&nbsp;<br \/>\n&nbsp;<br \/>\n&nbsp;<br \/>\n&nbsp;<br \/>\n&nbsp;<br \/>\n&nbsp;<br \/>\n&nbsp;<br \/>\n&nbsp;<br \/>\n&nbsp;<br \/>\n&nbsp;<br \/>\n&nbsp;<br \/>\n&nbsp;<br \/>\n&nbsp;<\/p>\n","protected":false},"excerpt":{"rendered":"<p>KULJETUSPALVELUT &#8211; Maa-aines kuljetukset &#8211; Lavettisiirrot &#8211; Saattopalvelut &nbsp; &nbsp; &nbsp; KAIVINKONETY\u00d6T &#8211; Tierungot &#8211; Rakennusten pohjien kaivut &#8211; Kokonaisurakoinnit &#8211; Sade- ja j\u00e4tevesij\u00e4rjestelmien rakentaminen &nbsp; TIEN HOITOTY\u00d6T &#8211; Auraukset &#8211; Polanteen poistot &#8211; Hiekoitukset &#8211; Lanaukset &nbsp; &nbsp; &nbsp; &nbsp; &nbsp; &nbsp; &nbsp; &nbsp; &nbsp; &nbsp; &nbsp; &nbsp; &nbsp;<\/p>\n","protected":false},"author":1,"featured_media":0,"parent":0,"menu_order":0,"comment_status":"closed","ping_status":"closed","template":"","meta":{"footnotes":""},"class_list":["post-2","page","type-page","status-publish","hentry"],"_links":{"self":[{"href":"https:\/\/www.veljeksetronkainen.fi\/index.php?rest_route=\/wp\/v2\/pages\/2","targetHints":{"allow":["GET"]}}],"collection":[{"href":"https:\/\/www.veljeksetronkainen.fi\/index.php?rest_route=\/wp\/v2\/pages"}],"about":[{"href":"https:\/\/www.veljeksetronkainen.fi\/index.php?rest_route=\/wp\/v2\/types\/page"}],"author":[{"embeddable":true,"href":"https:\/\/www.veljeksetronkainen.fi\/index.php?rest_route=\/wp\/v2\/users\/1"}],"replies":[{"embeddable":true,"href":"https:\/\/www.veljeksetronkainen.fi\/index.php?rest_route=%2Fwp%2Fv2%2Fcomments&post=2"}],"version-history":[{"count":17,"href":"https:\/\/www.veljeksetronkainen.fi\/index.php?rest_route=\/wp\/v2\/pages\/2\/revisions"}],"predecessor-version":[{"id":169,"href":"https:\/\/www.veljeksetronkainen.fi\/index.php?rest_route=\/wp\/v2\/pages\/2\/revisions\/169"}],"wp:attachment":[{"href":"https:\/\/www.veljeksetronkainen.fi\/index.php?rest_route=%2Fwp%2Fv2%2Fmedia&parent=2"}],"curies":[{"name":"wp","href":"https:\/\/api.w.org\/{rel}","templated":true}]}}